{"id":158,"date":"2026-03-03T10:28:44","date_gmt":"2026-03-03T16:28:44","guid":{"rendered":"http:\/\/localhost:8888\/buen-dia\/lucreciacafe\/?page_id=158"},"modified":"2026-03-25T15:11:51","modified_gmt":"2026-03-25T21:11:51","slug":"quiero-exportar","status":"publish","type":"page","link":"https:\/\/lucreciacafe.com\/en\/business\/quiero-exportar\/","title":{"rendered":"Quiero exportar"},"content":{"rendered":"<p><!--more--><\/p>\n<h2 class=\"display\">Exportar caf\u00e9 puede ser un proceso complejo si no sabes por d\u00f3nde empezar.<\/h2>\n<p>Asesoramos a caficultores y marcas de caf\u00e9 que quieren expandirse a nivel internacional, ayud\u00e1ndoles a estructurar su propuesta de valor, cumplir con requisitos de exportaci\u00f3n y conectar con compradores en mercados globales. Brindamos acompa\u00f1amiento estrat\u00e9gico en cada etapa del proceso, desde la preparaci\u00f3n del producto hasta la entrada a nuevos mercados, con un enfoque pr\u00e1ctico, cercano y orientado a resultados.<\/p>\n","protected":false},"excerpt":{"rendered":"","protected":false},"author":1,"featured_media":131,"parent":156,"menu_order":0,"comment_status":"closed","ping_status":"closed","template":"page_alt.php","meta":{"footnotes":""},"class_list":["post-158","page","type-page","status-publish","has-post-thumbnail","hentry"],"_links":{"self":[{"href":"https:\/\/lucreciacafe.com\/en\/wp-json\/wp\/v2\/pages\/158","targetHints":{"allow":["GET"]}}],"collection":[{"href":"https:\/\/lucreciacafe.com\/en\/wp-json\/wp\/v2\/pages"}],"about":[{"href":"https:\/\/lucreciacafe.com\/en\/wp-json\/wp\/v2\/types\/page"}],"author":[{"embeddable":true,"href":"https:\/\/lucreciacafe.com\/en\/wp-json\/wp\/v2\/users\/1"}],"replies":[{"embeddable":true,"href":"https:\/\/lucreciacafe.com\/en\/wp-json\/wp\/v2\/comments?post=158"}],"version-history":[{"count":4,"href":"https:\/\/lucreciacafe.com\/en\/wp-json\/wp\/v2\/pages\/158\/revisions"}],"predecessor-version":[{"id":303,"href":"https:\/\/lucreciacafe.com\/en\/wp-json\/wp\/v2\/pages\/158\/revisions\/303"}],"up":[{"embeddable":true,"href":"https:\/\/lucreciacafe.com\/en\/wp-json\/wp\/v2\/pages\/156"}],"wp:featuredmedia":[{"embeddable":true,"href":"https:\/\/lucreciacafe.com\/en\/wp-json\/wp\/v2\/media\/131"}],"wp:attachment":[{"href":"https:\/\/lucreciacafe.com\/en\/wp-json\/wp\/v2\/media?parent=158"}],"curies":[{"name":"wp","href":"https:\/\/api.w.org\/{rel}","templated":true}]}}