{"id":58,"date":"2026-02-06T21:55:45","date_gmt":"2026-02-06T20:55:45","guid":{"rendered":"http:\/\/localhost:8888\/buen-dia\/lucreciacafe\/?page_id=58"},"modified":"2026-03-23T08:05:31","modified_gmt":"2026-03-23T14:05:31","slug":"clientes-b2b","status":"publish","type":"page","link":"https:\/\/lucreciacafe.com\/en\/business\/clientes-b2b\/","title":{"rendered":"Clientes B2B"},"content":{"rendered":"<div id='gallery-1' class='gallery galleryid-58 gallery-columns-3 gallery-size-large'><figure class='gallery-item'>\n\t\t\t<div class='gallery-icon landscape'>\n\t\t\t\t<a href='https:\/\/lucreciacafe.com\/en\/seccion\/portada\/a-scattering-of-roasted-coffee-beans-macro-shooting\/'><img loading=\"lazy\" decoding=\"async\" width=\"1024\" height=\"683\" src=\"https:\/\/lucreciacafe.com\/wp-content\/uploads\/2026\/01\/Coffee_Beans_Macro_original_980465-1024x683.jpg\" class=\"attachment-large size-large\" alt=\"\" aria-describedby=\"gallery-1-71\" srcset=\"https:\/\/lucreciacafe.com\/wp-content\/uploads\/2026\/01\/Coffee_Beans_Macro_original_980465-1024x683.jpg 1024w, https:\/\/lucreciacafe.com\/wp-content\/uploads\/2026\/01\/Coffee_Beans_Macro_original_980465-600x400.jpg 600w, https:\/\/lucreciacafe.com\/wp-content\/uploads\/2026\/01\/Coffee_Beans_Macro_original_980465-300x200.jpg 300w, https:\/\/lucreciacafe.com\/wp-content\/uploads\/2026\/01\/Coffee_Beans_Macro_original_980465-768x512.jpg 768w, https:\/\/lucreciacafe.com\/wp-content\/uploads\/2026\/01\/Coffee_Beans_Macro_original_980465-1536x1024.jpg 1536w, https:\/\/lucreciacafe.com\/wp-content\/uploads\/2026\/01\/Coffee_Beans_Macro_original_980465-2048x1365.jpg 2048w\" sizes=\"auto, (max-width: 1024px) 100vw, 1024px\" \/><\/a>\n\t\t\t<\/div>\n\t\t\t\t<figcaption class='wp-caption-text gallery-caption' id='gallery-1-71'>\n\t\t\t\tRestaurantes\n\t\t\t\t<\/figcaption><\/figure><figure class='gallery-item'>\n\t\t\t<div class='gallery-icon landscape'>\n\t\t\t\t<a href='https:\/\/lucreciacafe.com\/en\/?attachment_id=21'><img loading=\"lazy\" decoding=\"async\" width=\"1024\" height=\"576\" src=\"https:\/\/lucreciacafe.com\/wp-content\/uploads\/2026\/01\/Roasted_Coffee_Beans_Close-Up_original_1165588-1024x576.jpg\" class=\"attachment-large size-large\" alt=\"\" aria-describedby=\"gallery-1-21\" srcset=\"https:\/\/lucreciacafe.com\/wp-content\/uploads\/2026\/01\/Roasted_Coffee_Beans_Close-Up_original_1165588-1024x576.jpg 1024w, https:\/\/lucreciacafe.com\/wp-content\/uploads\/2026\/01\/Roasted_Coffee_Beans_Close-Up_original_1165588-600x338.jpg 600w, https:\/\/lucreciacafe.com\/wp-content\/uploads\/2026\/01\/Roasted_Coffee_Beans_Close-Up_original_1165588-300x169.jpg 300w, https:\/\/lucreciacafe.com\/wp-content\/uploads\/2026\/01\/Roasted_Coffee_Beans_Close-Up_original_1165588-768x432.jpg 768w, https:\/\/lucreciacafe.com\/wp-content\/uploads\/2026\/01\/Roasted_Coffee_Beans_Close-Up_original_1165588-1536x864.jpg 1536w, https:\/\/lucreciacafe.com\/wp-content\/uploads\/2026\/01\/Roasted_Coffee_Beans_Close-Up_original_1165588-2048x1152.jpg 2048w\" sizes=\"auto, (max-width: 1024px) 100vw, 1024px\" \/><\/a>\n\t\t\t<\/div>\n\t\t\t\t<figcaption class='wp-caption-text gallery-caption' id='gallery-1-21'>\n\t\t\t\tHoteles\n\t\t\t\t<\/figcaption><\/figure><figure class='gallery-item'>\n\t\t\t<div class='gallery-icon landscape'>\n\t\t\t\t<a href='https:\/\/lucreciacafe.com\/en\/seccion\/portada\/closeup-of-coffee-beans-at-roasted-coffee-heap\/'><img loading=\"lazy\" decoding=\"async\" width=\"1024\" height=\"683\" src=\"https:\/\/lucreciacafe.com\/wp-content\/uploads\/2026\/01\/Closeup_Of_Coffee_Beans_original_1841040-1024x683.jpg\" class=\"attachment-large size-large\" alt=\"\" aria-describedby=\"gallery-1-33\" srcset=\"https:\/\/lucreciacafe.com\/wp-content\/uploads\/2026\/01\/Closeup_Of_Coffee_Beans_original_1841040-1024x683.jpg 1024w, https:\/\/lucreciacafe.com\/wp-content\/uploads\/2026\/01\/Closeup_Of_Coffee_Beans_original_1841040-scaled-600x400.jpg 600w, https:\/\/lucreciacafe.com\/wp-content\/uploads\/2026\/01\/Closeup_Of_Coffee_Beans_original_1841040-300x200.jpg 300w, https:\/\/lucreciacafe.com\/wp-content\/uploads\/2026\/01\/Closeup_Of_Coffee_Beans_original_1841040-768x512.jpg 768w, https:\/\/lucreciacafe.com\/wp-content\/uploads\/2026\/01\/Closeup_Of_Coffee_Beans_original_1841040-1536x1024.jpg 1536w, https:\/\/lucreciacafe.com\/wp-content\/uploads\/2026\/01\/Closeup_Of_Coffee_Beans_original_1841040-2048x1365.jpg 2048w\" sizes=\"auto, (max-width: 1024px) 100vw, 1024px\" \/><\/a>\n\t\t\t<\/div>\n\t\t\t\t<figcaption class='wp-caption-text gallery-caption' id='gallery-1-33'>\n\t\t\t\tCafeter\u00edas\n\t\t\t\t<\/figcaption><\/figure><figure class='gallery-item'>\n\t\t\t<div class='gallery-icon landscape'>\n\t\t\t\t<a href='https:\/\/lucreciacafe.com\/en\/?attachment_id=129'><img loading=\"lazy\" decoding=\"async\" width=\"1024\" height=\"683\" src=\"https:\/\/lucreciacafe.com\/wp-content\/uploads\/2026\/03\/Cup_Of_Coffee_Top_View_original_335411-1024x683.jpg\" class=\"attachment-large size-large\" alt=\"\" aria-describedby=\"gallery-1-129\" srcset=\"https:\/\/lucreciacafe.com\/wp-content\/uploads\/2026\/03\/Cup_Of_Coffee_Top_View_original_335411-1024x683.jpg 1024w, https:\/\/lucreciacafe.com\/wp-content\/uploads\/2026\/03\/Cup_Of_Coffee_Top_View_original_335411-600x400.jpg 600w, https:\/\/lucreciacafe.com\/wp-content\/uploads\/2026\/03\/Cup_Of_Coffee_Top_View_original_335411-300x200.jpg 300w, https:\/\/lucreciacafe.com\/wp-content\/uploads\/2026\/03\/Cup_Of_Coffee_Top_View_original_335411-768x512.jpg 768w, https:\/\/lucreciacafe.com\/wp-content\/uploads\/2026\/03\/Cup_Of_Coffee_Top_View_original_335411-1536x1024.jpg 1536w, https:\/\/lucreciacafe.com\/wp-content\/uploads\/2026\/03\/Cup_Of_Coffee_Top_View_original_335411-2048x1365.jpg 2048w\" sizes=\"auto, (max-width: 1024px) 100vw, 1024px\" \/><\/a>\n\t\t\t<\/div>\n\t\t\t\t<figcaption class='wp-caption-text gallery-caption' id='gallery-1-129'>\n\t\t\t\tRetail\n\t\t\t\t<\/figcaption><\/figure><figure class='gallery-item'>\n\t\t\t<div class='gallery-icon landscape'>\n\t\t\t\t<a href='https:\/\/lucreciacafe.com\/en\/?attachment_id=133'><img loading=\"lazy\" decoding=\"async\" width=\"1024\" height=\"576\" src=\"https:\/\/lucreciacafe.com\/wp-content\/uploads\/2026\/03\/lucrecia-suscripciones-1024x576.jpg\" class=\"attachment-large size-large\" alt=\"\" aria-describedby=\"gallery-1-133\" srcset=\"https:\/\/lucreciacafe.com\/wp-content\/uploads\/2026\/03\/lucrecia-suscripciones-1024x576.jpg 1024w, https:\/\/lucreciacafe.com\/wp-content\/uploads\/2026\/03\/lucrecia-suscripciones-600x338.jpg 600w, https:\/\/lucreciacafe.com\/wp-content\/uploads\/2026\/03\/lucrecia-suscripciones-300x169.jpg 300w, https:\/\/lucreciacafe.com\/wp-content\/uploads\/2026\/03\/lucrecia-suscripciones-768x432.jpg 768w, https:\/\/lucreciacafe.com\/wp-content\/uploads\/2026\/03\/lucrecia-suscripciones-1536x864.jpg 1536w, https:\/\/lucreciacafe.com\/wp-content\/uploads\/2026\/03\/lucrecia-suscripciones-2048x1152.jpg 2048w\" sizes=\"auto, (max-width: 1024px) 100vw, 1024px\" \/><\/a>\n\t\t\t<\/div>\n\t\t\t\t<figcaption class='wp-caption-text gallery-caption' id='gallery-1-133'>\n\t\t\t\tEventos\n\t\t\t\t<\/figcaption><\/figure>\n\t\t<\/div>\n\n<p><!--more--><\/p>\n<h2 class=\"display\">El caf\u00e9 forma parte de nuestra historia.<\/h2>\n<p>Ofrecemos caf\u00e9 en diferentes presentaciones y vol\u00famenes, adapt\u00e1ndonos a las necesidades de cada cliente y tipo de negocio. Trabajamos con restaurantes, hoteles, cafeter\u00edas, tiendas y eventos, brindando soluciones a medida que garantizan calidad, consistencia y facilidad en la operaci\u00f3n. M\u00e1s que vender caf\u00e9, nos integramos a cada negocio para aportar valor y convertir el caf\u00e9 en una experiencia alineada con su marca.<\/p>\n","protected":false},"excerpt":{"rendered":"","protected":false},"author":1,"featured_media":83,"parent":156,"menu_order":0,"comment_status":"closed","ping_status":"closed","template":"page_alt.php","meta":{"footnotes":""},"class_list":["post-58","page","type-page","status-publish","has-post-thumbnail","hentry"],"_links":{"self":[{"href":"https:\/\/lucreciacafe.com\/en\/wp-json\/wp\/v2\/pages\/58","targetHints":{"allow":["GET"]}}],"collection":[{"href":"https:\/\/lucreciacafe.com\/en\/wp-json\/wp\/v2\/pages"}],"about":[{"href":"https:\/\/lucreciacafe.com\/en\/wp-json\/wp\/v2\/types\/page"}],"author":[{"embeddable":true,"href":"https:\/\/lucreciacafe.com\/en\/wp-json\/wp\/v2\/users\/1"}],"replies":[{"embeddable":true,"href":"https:\/\/lucreciacafe.com\/en\/wp-json\/wp\/v2\/comments?post=58"}],"version-history":[{"count":11,"href":"https:\/\/lucreciacafe.com\/en\/wp-json\/wp\/v2\/pages\/58\/revisions"}],"predecessor-version":[{"id":250,"href":"https:\/\/lucreciacafe.com\/en\/wp-json\/wp\/v2\/pages\/58\/revisions\/250"}],"up":[{"embeddable":true,"href":"https:\/\/lucreciacafe.com\/en\/wp-json\/wp\/v2\/pages\/156"}],"wp:featuredmedia":[{"embeddable":true,"href":"https:\/\/lucreciacafe.com\/en\/wp-json\/wp\/v2\/media\/83"}],"wp:attachment":[{"href":"https:\/\/lucreciacafe.com\/en\/wp-json\/wp\/v2\/media?parent=58"}],"curies":[{"name":"wp","href":"https:\/\/api.w.org\/{rel}","templated":true}]}}