{"id":62,"date":"2026-02-06T21:56:42","date_gmt":"2026-02-06T20:56:42","guid":{"rendered":"http:\/\/localhost:8888\/buen-dia\/lucreciacafe\/?page_id=62"},"modified":"2026-02-06T23:52:49","modified_gmt":"2026-02-06T22:52:49","slug":"blog","status":"publish","type":"page","link":"https:\/\/lucreciacafe.com\/en\/blog\/","title":{"rendered":"Blog"},"content":{"rendered":"<p>Este espacio nace como un punto de encuentro entre el origen y el presente, entre la tierra que nos vio crecer y las historias que hoy queremos compartir con el mundo. Aqu\u00ed hablamos de caf\u00e9, s\u00ed, pero tambi\u00e9n de memoria, de rituales cotidianos, de personas, de viajes y de momentos que se viven con los sentidos despiertos.<\/p>\n<p>LUCRECIA es una marca que honra un legado familiar y una forma de entender el caf\u00e9 como experiencia: desde el aroma que anuncia el primer sorbo, hasta la pausa consciente que transforma lo cotidiano en algo especial. En este blog compartiremos el detr\u00e1s de cada grano, el proceso, la tostaci\u00f3n, la cultura cafetera y las inspiraciones que dan forma a nuestra visi\u00f3n contempor\u00e1nea.<\/p>\n<p>Este no es solo un lugar para leer, sino para conectar. Con el origen, con la tierra, con el tiempo y contigo.<\/p>\n<p>Bienvenidos a la historia que se sirve en cada taza.<\/p>\n","protected":false},"excerpt":{"rendered":"<p>Este espacio nace como un punto de encuentro entre el origen y el presente, entre la tierra que nos vio crecer y las historias que hoy queremos compartir con el mundo. Aqu\u00ed hablamos de caf\u00e9, s\u00ed, pero tambi\u00e9n de memoria, de rituales cotidianos, de personas, de viajes y de momentos que se viven con los [&hellip;]<\/p>\n","protected":false},"author":1,"featured_media":0,"parent":0,"menu_order":0,"comment_status":"closed","ping_status":"closed","template":"page_blog.php","meta":{"footnotes":""},"class_list":["post-62","page","type-page","status-publish","hentry"],"_links":{"self":[{"href":"https:\/\/lucreciacafe.com\/en\/wp-json\/wp\/v2\/pages\/62","targetHints":{"allow":["GET"]}}],"collection":[{"href":"https:\/\/lucreciacafe.com\/en\/wp-json\/wp\/v2\/pages"}],"about":[{"href":"https:\/\/lucreciacafe.com\/en\/wp-json\/wp\/v2\/types\/page"}],"author":[{"embeddable":true,"href":"https:\/\/lucreciacafe.com\/en\/wp-json\/wp\/v2\/users\/1"}],"replies":[{"embeddable":true,"href":"https:\/\/lucreciacafe.com\/en\/wp-json\/wp\/v2\/comments?post=62"}],"version-history":[{"count":2,"href":"https:\/\/lucreciacafe.com\/en\/wp-json\/wp\/v2\/pages\/62\/revisions"}],"predecessor-version":[{"id":76,"href":"https:\/\/lucreciacafe.com\/en\/wp-json\/wp\/v2\/pages\/62\/revisions\/76"}],"wp:attachment":[{"href":"https:\/\/lucreciacafe.com\/en\/wp-json\/wp\/v2\/media?parent=62"}],"curies":[{"name":"wp","href":"https:\/\/api.w.org\/{rel}","templated":true}]}}