{"id":9,"date":"2026-01-15T01:35:09","date_gmt":"2026-01-15T00:35:09","guid":{"rendered":"http:\/\/localhost:8888\/buen-dia\/lucreciacafe\/?page_id=9"},"modified":"2026-04-02T12:01:29","modified_gmt":"2026-04-02T17:01:29","slug":"quienes-somos","status":"publish","type":"page","link":"https:\/\/lucreciacafe.com\/en\/quienes-somos\/","title":{"rendered":"\u00bfQui\u00e9nes somos?"},"content":{"rendered":"<p>LUCRECIA nace en <strong>Suaita, Santander<\/strong>, una tierra f\u00e9rtil donde el caf\u00e9 y la tradici\u00f3n se cultivan con el mismo respeto que la familia.<\/p>\n<p><!--more--><\/p>\n<div id='gallery-1' class='gallery galleryid-9 gallery-columns-3 gallery-size-large'><figure class='gallery-item'>\n\t\t\t<div class='gallery-icon portrait'>\n\t\t\t\t<a href='https:\/\/lucreciacafe.com\/en\/business\/cafe-verde\/img_9844\/'><img loading=\"lazy\" decoding=\"async\" width=\"768\" height=\"1024\" src=\"https:\/\/lucreciacafe.com\/wp-content\/uploads\/2026\/02\/IMG_9844-768x1024.jpg\" class=\"attachment-large size-large\" alt=\"\" srcset=\"https:\/\/lucreciacafe.com\/wp-content\/uploads\/2026\/02\/IMG_9844-768x1024.jpg 768w, https:\/\/lucreciacafe.com\/wp-content\/uploads\/2026\/02\/IMG_9844-scaled-600x800.jpg 600w, https:\/\/lucreciacafe.com\/wp-content\/uploads\/2026\/02\/IMG_9844-225x300.jpg 225w, https:\/\/lucreciacafe.com\/wp-content\/uploads\/2026\/02\/IMG_9844-1152x1536.jpg 1152w, https:\/\/lucreciacafe.com\/wp-content\/uploads\/2026\/02\/IMG_9844-1536x2048.jpg 1536w, https:\/\/lucreciacafe.com\/wp-content\/uploads\/2026\/02\/IMG_9844-scaled.jpg 1920w\" sizes=\"auto, (max-width: 768px) 100vw, 768px\" \/><\/a>\n\t\t\t<\/div><\/figure><figure class='gallery-item'>\n\t\t\t<div class='gallery-icon portrait'>\n\t\t\t\t<a href='https:\/\/lucreciacafe.com\/en\/quienes-somos\/img_9764\/'><img loading=\"lazy\" decoding=\"async\" width=\"768\" height=\"1024\" src=\"https:\/\/lucreciacafe.com\/wp-content\/uploads\/2026\/03\/IMG_9764-768x1024.jpg\" class=\"attachment-large size-large\" alt=\"\" srcset=\"https:\/\/lucreciacafe.com\/wp-content\/uploads\/2026\/03\/IMG_9764-768x1024.jpg 768w, https:\/\/lucreciacafe.com\/wp-content\/uploads\/2026\/03\/IMG_9764-scaled-600x800.jpg 600w, https:\/\/lucreciacafe.com\/wp-content\/uploads\/2026\/03\/IMG_9764-225x300.jpg 225w, https:\/\/lucreciacafe.com\/wp-content\/uploads\/2026\/03\/IMG_9764-1152x1536.jpg 1152w, https:\/\/lucreciacafe.com\/wp-content\/uploads\/2026\/03\/IMG_9764-1536x2048.jpg 1536w, https:\/\/lucreciacafe.com\/wp-content\/uploads\/2026\/03\/IMG_9764-scaled.jpg 1920w\" sizes=\"auto, (max-width: 768px) 100vw, 768px\" \/><\/a>\n\t\t\t<\/div><\/figure><figure class='gallery-item'>\n\t\t\t<div class='gallery-icon portrait'>\n\t\t\t\t<a href='https:\/\/lucreciacafe.com\/en\/quienes-somos\/whatsapp-image-2026-03-11-at-01-29-14\/'><img loading=\"lazy\" decoding=\"async\" width=\"768\" height=\"1024\" src=\"https:\/\/lucreciacafe.com\/wp-content\/uploads\/2026\/03\/WhatsApp-Image-2026-03-11-at-01.29.14-768x1024.jpeg\" class=\"attachment-large size-large\" alt=\"\" srcset=\"https:\/\/lucreciacafe.com\/wp-content\/uploads\/2026\/03\/WhatsApp-Image-2026-03-11-at-01.29.14-768x1024.jpeg 768w, https:\/\/lucreciacafe.com\/wp-content\/uploads\/2026\/03\/WhatsApp-Image-2026-03-11-at-01.29.14-225x300.jpeg 225w, https:\/\/lucreciacafe.com\/wp-content\/uploads\/2026\/03\/WhatsApp-Image-2026-03-11-at-01.29.14-1152x1536.jpeg 1152w, https:\/\/lucreciacafe.com\/wp-content\/uploads\/2026\/03\/WhatsApp-Image-2026-03-11-at-01.29.14-600x800.jpeg 600w, https:\/\/lucreciacafe.com\/wp-content\/uploads\/2026\/03\/WhatsApp-Image-2026-03-11-at-01.29.14.jpeg 1200w\" sizes=\"auto, (max-width: 768px) 100vw, 768px\" \/><\/a>\n\t\t\t<\/div><\/figure>\n\t\t<\/div>\n\n<p>En<strong> 1921<\/strong>, Lucrecia, matriarca de la familia Quintero Vega, junto a Ignacio, sembr\u00f3 mucho m\u00e1s que caf\u00e9: sembr\u00f3 un legado. Fueron pioneros en el cultivo de la variedad Geisha en la regi\u00f3n y transmitieron, generaci\u00f3n tras generaci\u00f3n, el amor por la tierra y el valor del trabajo bien hecho.<\/p>\n<p>Desde <strong>Santana, la capital panelera de Colombia<\/strong>, este caf\u00e9 conserva la memoria de quienes lo cultivaron con paciencia, orgullo y ra\u00edces profundas.<\/p>\n<p>Hoy, <strong>Paola Quintero<\/strong> contin\u00faa esta historia, conectando el origen rural con una mirada contempor\u00e1nea y trabajando de la mano con <strong>mujeres cafeteras<\/strong> que mantienen vivo el conocimiento y la tradici\u00f3n del caf\u00e9 colombiano.<\/p>\n<hr \/>\n<h3 class=\"display\">LUCRECIA es un homenaje al linaje, a la tierra y al tiempo.<\/h3>\n<p>Paola Quintero creci\u00f3 rodeada del aroma del caf\u00e9 y de las historias que lo acompa\u00f1an. Nieta de Lucrecia, hered\u00f3 de su abuela no solo el amor por la tierra, sino tambi\u00e9n el respeto por el tiempo, el trabajo y las personas que hacen posible cada cosecha.<\/p>\n<p>Hoy, como CEO de LUCRECIA CAF\u00c9, contin\u00faa ese legado conectando el origen cafetero de su familia con una visi\u00f3n contempor\u00e1nea del caf\u00e9 colombiano. Su prop\u00f3sito es claro: honrar la tradici\u00f3n que empez\u00f3 su abuela y compartir con el mundo un caf\u00e9 cultivado con car\u00e1cter, conocimiento y ra\u00edces profundas.<\/p>\n<p>Para Paola, LUCRECIA no es solo una marca.<br \/>\nEs una historia familiar que sigue viva en cada grano.<\/p>\n<hr \/>\n<h3 class=\"display\">La historia contin\u00faa<\/h3>\n<p>Lo que comenz\u00f3 hace m\u00e1s de un siglo en los cafetales de Santander hoy sigue vivo en cada cosecha.<\/p>\n<p>LUCRECIA es el encuentro entre tradici\u00f3n y presente: el legado de una familia cafetera, el conocimiento transmitido de generaci\u00f3n en generaci\u00f3n y el trabajo de mujeres cafeteras que cultivan el caf\u00e9 con respeto por la tierra y por el tiempo.<\/p>\n<p>Cada grano guarda esa historia. Una historia que empez\u00f3 en el origen y que hoy viaja para seguir escribi\u00e9ndose en cada taza.<\/p>\n","protected":false},"excerpt":{"rendered":"<p>LUCRECIA nace en Suaita, Santander, una tierra f\u00e9rtil donde el caf\u00e9 y la tradici\u00f3n se cultivan con el mismo respeto que la familia.<\/p>\n","protected":false},"author":1,"featured_media":195,"parent":0,"menu_order":0,"comment_status":"closed","ping_status":"closed","template":"page_about.php","meta":{"footnotes":""},"class_list":["post-9","page","type-page","status-publish","has-post-thumbnail","hentry"],"_links":{"self":[{"href":"https:\/\/lucreciacafe.com\/en\/wp-json\/wp\/v2\/pages\/9","targetHints":{"allow":["GET"]}}],"collection":[{"href":"https:\/\/lucreciacafe.com\/en\/wp-json\/wp\/v2\/pages"}],"about":[{"href":"https:\/\/lucreciacafe.com\/en\/wp-json\/wp\/v2\/types\/page"}],"author":[{"embeddable":true,"href":"https:\/\/lucreciacafe.com\/en\/wp-json\/wp\/v2\/users\/1"}],"replies":[{"embeddable":true,"href":"https:\/\/lucreciacafe.com\/en\/wp-json\/wp\/v2\/comments?post=9"}],"version-history":[{"count":30,"href":"https:\/\/lucreciacafe.com\/en\/wp-json\/wp\/v2\/pages\/9\/revisions"}],"predecessor-version":[{"id":369,"href":"https:\/\/lucreciacafe.com\/en\/wp-json\/wp\/v2\/pages\/9\/revisions\/369"}],"wp:featuredmedia":[{"embeddable":true,"href":"https:\/\/lucreciacafe.com\/en\/wp-json\/wp\/v2\/media\/195"}],"wp:attachment":[{"href":"https:\/\/lucreciacafe.com\/en\/wp-json\/wp\/v2\/media?parent=9"}],"curies":[{"name":"wp","href":"https:\/\/api.w.org\/{rel}","templated":true}]}}