{"id":101,"date":"2026-02-20T19:29:09","date_gmt":"2026-02-21T00:29:09","guid":{"rendered":"http:\/\/localhost:8888\/buen-dia\/lucreciacafe\/?post_type=product&#038;p=101"},"modified":"2026-04-18T09:53:40","modified_gmt":"2026-04-18T14:53:40","slug":"colombia","status":"publish","type":"product","link":"https:\/\/lucreciacafe.com\/en\/producto\/colombia\/","title":{"rendered":"Colombia"},"content":{"rendered":"<p>Brillante y expresivo, con notas de toronja fresca, dulzor de ca\u00f1a y un delicado fondo de chocolate que aporta equilibrio y profundidad a la taza.<\/p>\n<p><!--more--><\/p>\n<div id='gallery-1' class='gallery galleryid-101 gallery-columns-3 gallery-size-large'><figure class='gallery-item'>\n\t\t\t<div class='gallery-icon portrait'>\n\t\t\t\t<a href='https:\/\/lucreciacafe.com\/en\/?attachment_id=196'><img loading=\"lazy\" decoding=\"async\" width=\"768\" height=\"1024\" src=\"https:\/\/lucreciacafe.com\/wp-content\/uploads\/2026\/02\/WhatsApp-Image-2026-03-13-at-15.57.44-768x1024.jpeg\" class=\"attachment-large size-large\" alt=\"\" srcset=\"https:\/\/lucreciacafe.com\/wp-content\/uploads\/2026\/02\/WhatsApp-Image-2026-03-13-at-15.57.44-768x1024.jpeg 768w, https:\/\/lucreciacafe.com\/wp-content\/uploads\/2026\/02\/WhatsApp-Image-2026-03-13-at-15.57.44-225x300.jpeg 225w, https:\/\/lucreciacafe.com\/wp-content\/uploads\/2026\/02\/WhatsApp-Image-2026-03-13-at-15.57.44-1152x1536.jpeg 1152w, https:\/\/lucreciacafe.com\/wp-content\/uploads\/2026\/02\/WhatsApp-Image-2026-03-13-at-15.57.44-600x800.jpeg 600w, https:\/\/lucreciacafe.com\/wp-content\/uploads\/2026\/02\/WhatsApp-Image-2026-03-13-at-15.57.44.jpeg 1200w\" sizes=\"auto, (max-width: 768px) 100vw, 768px\" \/><\/a>\n\t\t\t<\/div><\/figure><figure class='gallery-item'>\n\t\t\t<div class='gallery-icon portrait'>\n\t\t\t\t<a href='https:\/\/lucreciacafe.com\/en\/?attachment_id=197'><img loading=\"lazy\" decoding=\"async\" width=\"768\" height=\"1024\" src=\"https:\/\/lucreciacafe.com\/wp-content\/uploads\/2026\/02\/WhatsApp-Image-2026-03-13-at-15.57.46-768x1024.jpeg\" class=\"attachment-large size-large\" alt=\"\" srcset=\"https:\/\/lucreciacafe.com\/wp-content\/uploads\/2026\/02\/WhatsApp-Image-2026-03-13-at-15.57.46-768x1024.jpeg 768w, https:\/\/lucreciacafe.com\/wp-content\/uploads\/2026\/02\/WhatsApp-Image-2026-03-13-at-15.57.46-225x300.jpeg 225w, https:\/\/lucreciacafe.com\/wp-content\/uploads\/2026\/02\/WhatsApp-Image-2026-03-13-at-15.57.46-1152x1536.jpeg 1152w, https:\/\/lucreciacafe.com\/wp-content\/uploads\/2026\/02\/WhatsApp-Image-2026-03-13-at-15.57.46-600x800.jpeg 600w, https:\/\/lucreciacafe.com\/wp-content\/uploads\/2026\/02\/WhatsApp-Image-2026-03-13-at-15.57.46.jpeg 1200w\" sizes=\"auto, (max-width: 768px) 100vw, 768px\" \/><\/a>\n\t\t\t<\/div><\/figure><figure class='gallery-item'>\n\t\t\t<div class='gallery-icon portrait'>\n\t\t\t\t<a href='https:\/\/lucreciacafe.com\/en\/?attachment_id=198'><img loading=\"lazy\" decoding=\"async\" width=\"768\" height=\"1024\" src=\"https:\/\/lucreciacafe.com\/wp-content\/uploads\/2026\/02\/WhatsApp-Image-2026-03-13-at-15.57.45-3-768x1024.jpeg\" class=\"attachment-large size-large\" alt=\"\" srcset=\"https:\/\/lucreciacafe.com\/wp-content\/uploads\/2026\/02\/WhatsApp-Image-2026-03-13-at-15.57.45-3-768x1024.jpeg 768w, https:\/\/lucreciacafe.com\/wp-content\/uploads\/2026\/02\/WhatsApp-Image-2026-03-13-at-15.57.45-3-225x300.jpeg 225w, https:\/\/lucreciacafe.com\/wp-content\/uploads\/2026\/02\/WhatsApp-Image-2026-03-13-at-15.57.45-3-1152x1536.jpeg 1152w, https:\/\/lucreciacafe.com\/wp-content\/uploads\/2026\/02\/WhatsApp-Image-2026-03-13-at-15.57.45-3-600x800.jpeg 600w, https:\/\/lucreciacafe.com\/wp-content\/uploads\/2026\/02\/WhatsApp-Image-2026-03-13-at-15.57.45-3.jpeg 1200w\" sizes=\"auto, (max-width: 768px) 100vw, 768px\" \/><\/a>\n\t\t\t<\/div><\/figure>\n\t\t<\/div>\n\n<p>En la vereda El Copero, en el municipio de Ocamonte, Santander,<strong> entre 1.880 y 2.030 metros de altura<\/strong>, se encuentra la finca La Primavera, un lugar rodeado de reservas naturales, nacimientos de agua y una biodiversidad que convive con los cafetales.<\/p>\n<p>Aqu\u00ed, <strong>una familia cafetera de quinta generaci\u00f3n<\/strong> cultiva el caf\u00e9 con respeto por la tierra y por el tiempo que requiere cada cosecha. Bajo la sombra de pl\u00e1tanos y otros cultivos que protegen el suelo, el caf\u00e9 crece en equilibrio con el entorno, mientras aves migratorias, tucanes y otras especies vuelven a habitar estos paisajes gracias al trabajo de reforestaci\u00f3n y cuidado del territorio.<\/p>\n<p>La finca est\u00e1 <strong>liderada por una mujer cafetera<\/strong>, cuya dedicaci\u00f3n y conocimiento gu\u00edan el trabajo de toda la familia. Juntos cultivan, fermentan y cuidan cada lote buscando siempre la mayor calidad posible, un esfuerzo que ya ha sido reconocido en competencias regionales como <strong>Taza Pienta<\/strong>, donde obtuvieron el primer lugar entre caficultores de varios municipios.<\/p>\n<p>M\u00e1s que una finca, La Primavera es un proyecto familiar que mira hacia el futuro: cinco generaciones dedicadas al caf\u00e9 y el sue\u00f1o de que una sexta contin\u00fae esta historia.<\/p>\n<p>De este paisaje, de esta tierra y de estas manos, nace el caf\u00e9 que hoy llega a tu taza.<\/p>\n","protected":false},"excerpt":{"rendered":"<p>Suaita, Santander<\/p>\n","protected":false},"featured_media":166,"comment_status":"closed","ping_status":"closed","template":"","meta":[],"product_brand":[],"product_cat":[41],"product_tag":[],"class_list":{"0":"post-101","1":"product","2":"type-product","3":"status-publish","4":"has-post-thumbnail","6":"product_cat-cafe","7":"proceso-lavado","8":"acidez-bajo","9":"tostado-medio","10":"aroma-medio","12":"first","13":"instock","14":"taxable","15":"shipping-taxable","16":"purchasable","17":"product-type-variable"},"_links":{"self":[{"href":"https:\/\/lucreciacafe.com\/en\/wp-json\/wp\/v2\/product\/101","targetHints":{"allow":["GET"]}}],"collection":[{"href":"https:\/\/lucreciacafe.com\/en\/wp-json\/wp\/v2\/product"}],"about":[{"href":"https:\/\/lucreciacafe.com\/en\/wp-json\/wp\/v2\/types\/product"}],"replies":[{"embeddable":true,"href":"https:\/\/lucreciacafe.com\/en\/wp-json\/wp\/v2\/comments?post=101"}],"wp:featuredmedia":[{"embeddable":true,"href":"https:\/\/lucreciacafe.com\/en\/wp-json\/wp\/v2\/media\/166"}],"wp:attachment":[{"href":"https:\/\/lucreciacafe.com\/en\/wp-json\/wp\/v2\/media?parent=101"}],"wp:term":[{"taxonomy":"product_brand","embeddable":true,"href":"https:\/\/lucreciacafe.com\/en\/wp-json\/wp\/v2\/product_brand?post=101"},{"taxonomy":"product_cat","embeddable":true,"href":"https:\/\/lucreciacafe.com\/en\/wp-json\/wp\/v2\/product_cat?post=101"},{"taxonomy":"product_tag","embeddable":true,"href":"https:\/\/lucreciacafe.com\/en\/wp-json\/wp\/v2\/product_tag?post=101"}],"curies":[{"name":"wp","href":"https:\/\/api.w.org\/{rel}","templated":true}]}}