{"id":110,"date":"2026-02-17T21:26:42","date_gmt":"2026-02-18T02:26:42","guid":{"rendered":"http:\/\/localhost:8888\/buen-dia\/lucreciacafe\/?post_type=product&#038;p=110"},"modified":"2026-04-02T11:32:59","modified_gmt":"2026-04-02T16:32:59","slug":"gesha","status":"publish","type":"product","link":"https:\/\/lucreciacafe.com\/en\/producto\/gesha\/","title":{"rendered":"Gesha"},"content":{"rendered":"<p>Aromas florales de flor de caf\u00e9 se abren paso hacia notas de durazno y maracuy\u00e1, con una acidez c\u00edtrica de bergamota y un final delicado de chocolate blanco y t\u00e9 negro.<\/p>\n<p><!--more--><\/p>\n<div id='gallery-1' class='gallery galleryid-110 gallery-columns-3 gallery-size-large'><figure class='gallery-item'>\n\t\t\t<div class='gallery-icon portrait'>\n\t\t\t\t<a href='https:\/\/lucreciacafe.com\/en\/?attachment_id=204'><img loading=\"lazy\" decoding=\"async\" width=\"768\" height=\"1024\" src=\"https:\/\/lucreciacafe.com\/wp-content\/uploads\/2026\/02\/WhatsApp-Image-2026-03-11-at-01.28.17-768x1024.jpeg\" class=\"attachment-large size-large\" alt=\"\" srcset=\"https:\/\/lucreciacafe.com\/wp-content\/uploads\/2026\/02\/WhatsApp-Image-2026-03-11-at-01.28.17-768x1024.jpeg 768w, https:\/\/lucreciacafe.com\/wp-content\/uploads\/2026\/02\/WhatsApp-Image-2026-03-11-at-01.28.17-225x300.jpeg 225w, https:\/\/lucreciacafe.com\/wp-content\/uploads\/2026\/02\/WhatsApp-Image-2026-03-11-at-01.28.17-1152x1536.jpeg 1152w, https:\/\/lucreciacafe.com\/wp-content\/uploads\/2026\/02\/WhatsApp-Image-2026-03-11-at-01.28.17-600x800.jpeg 600w, https:\/\/lucreciacafe.com\/wp-content\/uploads\/2026\/02\/WhatsApp-Image-2026-03-11-at-01.28.17.jpeg 1200w\" sizes=\"auto, (max-width: 768px) 100vw, 768px\" \/><\/a>\n\t\t\t<\/div><\/figure><figure class='gallery-item'>\n\t\t\t<div class='gallery-icon portrait'>\n\t\t\t\t<a href='https:\/\/lucreciacafe.com\/en\/?attachment_id=205'><img loading=\"lazy\" decoding=\"async\" width=\"768\" height=\"1024\" src=\"https:\/\/lucreciacafe.com\/wp-content\/uploads\/2026\/02\/WhatsApp-Image-2026-03-11-at-01.28.17-1-768x1024.jpeg\" class=\"attachment-large size-large\" alt=\"\" srcset=\"https:\/\/lucreciacafe.com\/wp-content\/uploads\/2026\/02\/WhatsApp-Image-2026-03-11-at-01.28.17-1-768x1024.jpeg 768w, https:\/\/lucreciacafe.com\/wp-content\/uploads\/2026\/02\/WhatsApp-Image-2026-03-11-at-01.28.17-1-225x300.jpeg 225w, https:\/\/lucreciacafe.com\/wp-content\/uploads\/2026\/02\/WhatsApp-Image-2026-03-11-at-01.28.17-1-1152x1536.jpeg 1152w, https:\/\/lucreciacafe.com\/wp-content\/uploads\/2026\/02\/WhatsApp-Image-2026-03-11-at-01.28.17-1-600x800.jpeg 600w, https:\/\/lucreciacafe.com\/wp-content\/uploads\/2026\/02\/WhatsApp-Image-2026-03-11-at-01.28.17-1.jpeg 1200w\" sizes=\"auto, (max-width: 768px) 100vw, 768px\" \/><\/a>\n\t\t\t<\/div><\/figure><figure class='gallery-item'>\n\t\t\t<div class='gallery-icon portrait'>\n\t\t\t\t<a href='https:\/\/lucreciacafe.com\/en\/?attachment_id=206'><img loading=\"lazy\" decoding=\"async\" width=\"768\" height=\"1024\" src=\"https:\/\/lucreciacafe.com\/wp-content\/uploads\/2026\/02\/WhatsApp-Image-2026-03-11-at-01.28.16-768x1024.jpeg\" class=\"attachment-large size-large\" alt=\"\" srcset=\"https:\/\/lucreciacafe.com\/wp-content\/uploads\/2026\/02\/WhatsApp-Image-2026-03-11-at-01.28.16-768x1024.jpeg 768w, https:\/\/lucreciacafe.com\/wp-content\/uploads\/2026\/02\/WhatsApp-Image-2026-03-11-at-01.28.16-225x300.jpeg 225w, https:\/\/lucreciacafe.com\/wp-content\/uploads\/2026\/02\/WhatsApp-Image-2026-03-11-at-01.28.16-600x800.jpeg 600w, https:\/\/lucreciacafe.com\/wp-content\/uploads\/2026\/02\/WhatsApp-Image-2026-03-11-at-01.28.16.jpeg 960w\" sizes=\"auto, (max-width: 768px) 100vw, 768px\" \/><\/a>\n\t\t\t<\/div><\/figure>\n\t\t<\/div>\n\n<p>En las monta\u00f1as del Huila, uno de los territorios cafeteros m\u00e1s reconocidos de Colombia, crece este Gesha en los alrededores de Oporapa, una regi\u00f3n donde la altitud, el clima y la tradici\u00f3n cafetera crean condiciones excepcionales para variedades de gran complejidad.<\/p>\n<p>Aqu\u00ed, el caf\u00e9 se cultiva con paciencia y respeto por el origen, permitiendo que cada grano desarrolle todo su potencial arom\u00e1tico. En estos paisajes andinos, donde la neblina de la ma\u00f1ana y la riqueza del suelo acompa\u00f1an el crecimiento del cafeto, nace un caf\u00e9 delicado y extraordinario.<\/p>\n<p>El resultado es una taza elegante, luminosa y profundamente expresiva: un caf\u00e9 que refleja la riqueza de su tierra y la precisi\u00f3n de quienes lo cultivan.<\/p>\n","protected":false},"excerpt":{"rendered":"<p class=\"qtranxs-available-languages-message qtranxs-available-languages-message-en\">Sorry, this entry is only available in <a href=\"https:\/\/lucreciacafe.com\/es\/wp-json\/wp\/v2\/product\/110\" class=\"qtranxs-available-language-link qtranxs-available-language-link-es\" title=\"Espa\u00f1ol\">Espa\u00f1ol<\/a>.<\/p>\n","protected":false},"featured_media":48,"comment_status":"closed","ping_status":"closed","template":"","meta":[],"product_brand":[],"product_cat":[41],"product_tag":[],"class_list":{"0":"post-110","1":"product","2":"type-product","3":"status-publish","4":"has-post-thumbnail","6":"product_cat-cafe","7":"acidez-bajo-medio","8":"tostado-medio-alto","9":"aroma-alto","11":"first","12":"instock","13":"taxable","14":"shipping-taxable","15":"purchasable","16":"product-type-variable"},"_links":{"self":[{"href":"https:\/\/lucreciacafe.com\/en\/wp-json\/wp\/v2\/product\/110","targetHints":{"allow":["GET"]}}],"collection":[{"href":"https:\/\/lucreciacafe.com\/en\/wp-json\/wp\/v2\/product"}],"about":[{"href":"https:\/\/lucreciacafe.com\/en\/wp-json\/wp\/v2\/types\/product"}],"replies":[{"embeddable":true,"href":"https:\/\/lucreciacafe.com\/en\/wp-json\/wp\/v2\/comments?post=110"}],"wp:featuredmedia":[{"embeddable":true,"href":"https:\/\/lucreciacafe.com\/en\/wp-json\/wp\/v2\/media\/48"}],"wp:attachment":[{"href":"https:\/\/lucreciacafe.com\/en\/wp-json\/wp\/v2\/media?parent=110"}],"wp:term":[{"taxonomy":"product_brand","embeddable":true,"href":"https:\/\/lucreciacafe.com\/en\/wp-json\/wp\/v2\/product_brand?post=110"},{"taxonomy":"product_cat","embeddable":true,"href":"https:\/\/lucreciacafe.com\/en\/wp-json\/wp\/v2\/product_cat?post=110"},{"taxonomy":"product_tag","embeddable":true,"href":"https:\/\/lucreciacafe.com\/en\/wp-json\/wp\/v2\/product_tag?post=110"}],"curies":[{"name":"wp","href":"https:\/\/api.w.org\/{rel}","templated":true}]}}